{"id":22589,"date":"2025-10-01T04:35:15","date_gmt":"2025-10-01T02:35:15","guid":{"rendered":"https:\/\/www.azimutcroisiere.com\/legal-notice\/"},"modified":"2025-10-30T03:07:21","modified_gmt":"2025-10-30T02:07:21","slug":"legal-notice","status":"publish","type":"page","link":"https:\/\/www.azimutcroisiere.com\/en\/legal-notice\/","title":{"rendered":"Legal Notice"},"content":{"rendered":"\t\t<div data-elementor-type=\"wp-page\" data-elementor-id=\"22589\" class=\"elementor elementor-22589 elementor-20843\" data-elementor-post-type=\"page\">\n\t\t\t\t\t\t<section class=\"elementor-section elementor-top-section elementor-element elementor-element-3b68b50b elementor-section-content-middle elementor-section-boxed elementor-section-height-default elementor-section-height-default\" data-id=\"3b68b50b\" data-element_type=\"section\" data-settings=\"{&quot;background_background&quot;:&quot;classic&quot;}\">\n\t\t\t\t\t\t<div class=\"elementor-container elementor-column-gap-no\">\n\t\t\t\t\t<div class=\"elementor-column elementor-col-100 elementor-top-column elementor-element elementor-element-3b3edfd3\" data-id=\"3b3edfd3\" data-element_type=\"column\">\n\t\t\t<div class=\"elementor-widget-wrap elementor-element-populated\">\n\t\t\t\t\t\t<div class=\"elementor-element elementor-element-cc076c4 elementor-widget elementor-widget-uipro-uitext\" data-id=\"cc076c4\" data-element_type=\"widget\" data-widget_type=\"uipro-uitext.default\">\n\t\t\t\t<div class=\"elementor-widget-container\">\n\t\t\t\t\t<div class=\"templaza-parallax templaza-widget-uitext template-base\"><div class=\"ui-text\"><div class=\"ui-text-desc\"><p><strong>1 - Site Editor<\/strong><\/p><p>Pursuant to <a href=\"https:\/\/www.legifrance.gouv.fr\/affichTexte.do?cidTexte=JORFTEXT000000801164#LEGIARTI000042038977\">Article 6 of Law No. 2004-575 of June 21, 2004<\/a> on Confidence in the Digital Economy, users of the website <strong>https:\/\/www.azimutcroisiere.com\/<\/strong> are informed of the identity of the various parties involved in its creation and monitoring:<\/p><p><strong>Site Owner: <\/strong>SNC DIAMANT VERT - Contact: info@azimutcroisiere.com +590 690 41 88 08 - Address: CONODOR 97115 SAINTE ROSE, Guadeloupe.<\/p><p><strong>Company Identification:<\/strong> SNC DIAMANT VERT with a share capital of \u20ac512,450 - SIREN: 434 185 633 - RCS: 434185633<\/p><p>Postal Address: SNC DIAMANT VERT, CONODOR 97115 SAINTE ROSE, Guadeloupe - https:\/\/azimutcroisiere.com\/cgv\u00a0<\/p><p><strong>Publication Director: <\/strong>Agenor PICARD - Contact: +(590) 690 805 885.<\/p><p><strong>Host:<\/strong> OVH SAS - 2 rue Kellermann - BP 80157 - 59053 Roubaix Cedex 1 - Phone: 1007<\/p><p><strong>Data Protection Officer: <\/strong>Agenor PICARD - info@azimutcroisiere.com<\/p><p><strong>Other Contributors:<\/strong> Webmaster: L'AGENCE BOOST, contact@agenceboost.fr<\/p><p><strong>2 - Intellectual Property and Counterfeiting.<\/strong><\/p><p><strong>SNC DIAMANT VERT<\/strong> owns the intellectual property rights and holds the usage rights for all elements accessible on the website, including texts, images, graphics, logos, videos, architecture, icons, and sounds.<\/p><p>Any reproduction, representation, modification, publication, or adaptation of all or part of the site's elements, regardless of the means or process used, is prohibited, unless prior written authorization is obtained from <strong>SNC DIAMANT VERT<\/strong>.<\/p><p>Any unauthorized use of the site or any of its elements will be considered an infringement and prosecuted in accordance with the provisions of Articles <a href=\"https:\/\/www.legifrance.gouv.fr\/affichCodeArticle.do?idArticle=LEGIARTI000032655082&#38;cidTexte=LEGITEXT000006069414&#38;dateTexte=20160605\">L.335-2 et seq. of the Intellectual Property Code<\/a>.<\/p><p><strong>3 - Limitations of Liability.<\/strong><\/p><p><strong>SNC DIAMANT VERT<\/strong> cannot be held responsible for direct or indirect damage caused to the user's equipment when accessing the site <strong>https:\/\/www.azimutcroisiere.com\/<\/strong>.<\/p><p><strong>SNC DIAMANT VERT<\/strong> disclaims all responsibility for the use that may be made of the information and content present on <strong>https:\/\/www.azimutcroisiere.com\/<\/strong>.<\/p><p><strong>SNC DIAMANT VERT<\/strong> undertakes to secure the site <strong>https:\/\/www.azimutcroisiere.com\/<\/strong> to the best of its ability; however, its responsibility cannot be questioned if undesirable data is imported and installed on its site without its knowledge.<\/p><p>Interactive spaces (contact area or comments) are available to users. <strong>SNC DIAMANT VERT<\/strong> reserves the right to delete, without prior notice, any content posted in this space that would violate the legislation applicable in France, particularly the provisions relating to data protection.<\/p><p>If applicable, <strong>SNC DIAMANT VERT<\/strong> also reserves the right to hold the user civilly and\/or criminally liable, particularly in the case of racist, insulting, defamatory, or pornographic messages, regardless of the medium used (text, photograph, etc.).<\/p><p><strong>4 - CNIL and Personal Data Management.<\/strong><\/p><p>In accordance with the provisions of\u00a0<a href=\"https:\/\/www.legifrance.gouv.fr\/affichTexte.do?cidTexte=JORFTEXT000000886460\">amended Law 78-17 of January 6, 1978<\/a>, the user of the site\u00a0<strong>https:\/\/www.azimutcroisiere.com\/<\/strong> has a right to access, modify, and delete collected information. To exercise this right, send a message to our Data Protection Officer:\u00a0<strong>Agenor PICARD<\/strong> -\u00a0<strong>info@azimutcroisiere.com<\/strong>.<\/p><p>For more information on how we process your data (type of data, purpose, recipient...), read our privacy policy <strong>https:\/\/azimutcroisiere.com\/<\/strong><strong>privacy-policy<\/strong><\/p><p><strong>5 - Hypertext Links and Cookies<\/strong><\/p><p>The site <strong>https:\/\/www.azimutcroisiere.com\/<\/strong> contains hypertext links to other sites and disclaims all responsibility for these external links or links created by other sites to <strong>https:\/\/www.azimutcroisiere.com\/<\/strong>.<\/p><p>Browsing the site <strong>https:\/\/www.azimutcroisiere.com\/<\/strong> may lead to the installation of cookie(s) on the user's computer.<\/p><p>A \"cookie\" is a small file that records information related to a user's browsing on a site. The data thus obtained allows for audience measurement, for example.<\/p><p>You have the option\u00a0<strong>to accept or refuse cookies<\/strong> by changing your browser settings. No cookie will be deposited without your consent.<\/p><p>Cookies are stored for a maximum duration of 12 months.<\/p><p><strong>6 - Applicable Law and Jurisdiction.<\/strong><\/p><p>Any dispute related to the use of the site\u00a0<strong>https:\/\/www.azimutcroisiere.com\/<\/strong> is subject to French law. Except in cases where the law does not permit it, exclusive jurisdiction is granted to the competent courts of\u00a0<strong>Mixed Commercial Court - Registry of Point-a-Pitre<\/strong>.<b style=\"color: #222222; font-family: Arial, Helvetica, sans-serif; font-size: small;\">SNC<\/b><span style=\"color: #222222; font-family: Arial, Helvetica, sans-serif; font-size: small;\"> Diaman<\/span><\/p><\/div><\/div><\/div>\t\t\t\t<\/div>\n\t\t\t\t<\/div>\n\t\t\t\t\t<\/div>\n\t\t<\/div>\n\t\t\t\t\t<\/div>\n\t\t<\/section>\n\t\t\t\t<section class=\"elementor-section elementor-top-section elementor-element elementor-element-41264f47 elementor-section-boxed elementor-section-height-default elementor-section-height-default\" data-id=\"41264f47\" data-element_type=\"section\">\n\t\t\t\t\t\t<div class=\"elementor-container elementor-column-gap-no\">\n\t\t\t\t\t<div class=\"elementor-column elementor-col-100 elementor-top-column elementor-element elementor-element-247d1474\" data-id=\"247d1474\" data-element_type=\"column\">\n\t\t\t<div class=\"elementor-widget-wrap elementor-element-populated\">\n\t\t\t\t\t\t<div class=\"elementor-element elementor-element-a6fd10b elementor-widget-divider--view-line elementor-widget elementor-widget-divider\" data-id=\"a6fd10b\" data-element_type=\"widget\" data-widget_type=\"divider.default\">\n\t\t\t\t\t\t\t<div class=\"elementor-divider\">\n\t\t\t<span class=\"elementor-divider-separator\">\n\t\t\t\t\t\t<\/span>\n\t\t<\/div>\n\t\t\t\t\t\t<\/div>\n\t\t\t\t\t<\/div>\n\t\t<\/div>\n\t\t\t\t\t<\/div>\n\t\t<\/section>\n\t\t\t\t<\/div>\n\t\t","protected":false},"excerpt":{"rendered":"<p>1 &#8211; Site Editor Pursuant to Article 6 of Law No. 2004-575 of June 21, 2004 on Confidence in the Digital Economy, users of the website https:\/\/www.azimutcroisiere.com\/ are informed of the identity of the various parties involved in its creation and monitoring: Site Owner: SNC DIAMANT VERT &#8211; Contact: info@azimutcroisiere.com +590 690 41 88 08&hellip; <a class=\"more-link\" href=\"https:\/\/www.azimutcroisiere.com\/en\/legal-notice\/\">Continue reading <span class=\"screen-reader-text\">Legal Notice<\/span><\/a><\/p>\n","protected":false},"author":1,"featured_media":0,"parent":0,"menu_order":0,"comment_status":"closed","ping_status":"closed","template":"","meta":{"footnotes":""},"class_list":["post-22589","page","type-page","status-publish","hentry"],"yoast_head":"<!-- This site is optimized with the Yoast SEO plugin v26.2 - https:\/\/yoast.com\/wordpress\/plugins\/seo\/ -->\n<title>Legal Notice - AZIMUT Croisi\u00e8re \u00e0 la journ\u00e9e en Guadeloupe en catamaran \u00e0 voile<\/title>\n<meta name=\"robots\" content=\"index, follow, max-snippet:-1, max-image-preview:large, max-video-preview:-1\" \/>\n<link rel=\"canonical\" href=\"https:\/\/www.azimutcroisiere.com\/en\/legal-notice\/\" \/>\n<meta property=\"og:locale\" content=\"en_US\" \/>\n<meta property=\"og:type\" content=\"article\" \/>\n<meta property=\"og:title\" content=\"Legal Notice - AZIMUT Croisi\u00e8re \u00e0 la journ\u00e9e en Guadeloupe en catamaran \u00e0 voile\" \/>\n<meta property=\"og:description\" content=\"1 &#8211; Site Editor Pursuant to Article 6 of Law No. 2004-575 of June 21, 2004 on Confidence in the Digital Economy, users of the website https:\/\/www.azimutcroisiere.com\/ are informed of the identity of the various parties involved in its creation and monitoring: Site Owner: SNC DIAMANT VERT &#8211; Contact: info@azimutcroisiere.com +590 690 41 88 08&hellip; Continue reading Legal Notice\" \/>\n<meta property=\"og:url\" content=\"https:\/\/www.azimutcroisiere.com\/en\/legal-notice\/\" \/>\n<meta property=\"og:site_name\" content=\"AZIMUT Croisi\u00e8re \u00e0 la journ\u00e9e en Guadeloupe en catamaran \u00e0 voile\" \/>\n<meta property=\"article:publisher\" content=\"https:\/\/www.facebook.com\/profile.php?id=100064558514987\" \/>\n<meta property=\"article:modified_time\" content=\"2025-10-30T02:07:21+00:00\" \/>\n<meta property=\"og:image\" content=\"https:\/\/www.azimutcroisiere.com\/wp-content\/uploads\/2025\/10\/grand-cul-de-sac-marin-guadeloupe-excursion-en-catamaran.webp\" \/>\n\t<meta property=\"og:image:width\" content=\"1920\" \/>\n\t<meta property=\"og:image:height\" content=\"800\" \/>\n\t<meta property=\"og:image:type\" content=\"image\/webp\" \/>\n<meta name=\"twitter:card\" content=\"summary_large_image\" \/>\n<meta name=\"twitter:label1\" content=\"Est. reading time\" \/>\n\t<meta name=\"twitter:data1\" content=\"3 minutes\" \/>\n<script type=\"application\/ld+json\" class=\"yoast-schema-graph\">{\"@context\":\"https:\/\/schema.org\",\"@graph\":[{\"@type\":\"WebPage\",\"@id\":\"https:\/\/www.azimutcroisiere.com\/en\/legal-notice\/\",\"url\":\"https:\/\/www.azimutcroisiere.com\/en\/legal-notice\/\",\"name\":\"Legal Notice - AZIMUT Croisi\u00e8re \u00e0 la journ\u00e9e en Guadeloupe en catamaran \u00e0 voile\",\"isPartOf\":{\"@id\":\"https:\/\/www.azimutcroisiere.com\/en\/#website\"},\"datePublished\":\"2025-10-01T02:35:15+00:00\",\"dateModified\":\"2025-10-30T02:07:21+00:00\",\"breadcrumb\":{\"@id\":\"https:\/\/www.azimutcroisiere.com\/en\/legal-notice\/#breadcrumb\"},\"inLanguage\":\"en-US\",\"potentialAction\":[{\"@type\":\"ReadAction\",\"target\":[\"https:\/\/www.azimutcroisiere.com\/en\/legal-notice\/\"]}]},{\"@type\":\"BreadcrumbList\",\"@id\":\"https:\/\/www.azimutcroisiere.com\/en\/legal-notice\/#breadcrumb\",\"itemListElement\":[{\"@type\":\"ListItem\",\"position\":1,\"name\":\"Accueil\",\"item\":\"https:\/\/www.azimutcroisiere.com\/en\/\"},{\"@type\":\"ListItem\",\"position\":2,\"name\":\"Legal Notice\"}]},{\"@type\":\"WebSite\",\"@id\":\"https:\/\/www.azimutcroisiere.com\/en\/#website\",\"url\":\"https:\/\/www.azimutcroisiere.com\/en\/\",\"name\":\"AZIMUT Croisi\u00e8re \u00e0 la journ\u00e9e en Guadeloupe en catamaran \u00e0 voile\",\"description\":\"\",\"publisher\":{\"@id\":\"https:\/\/www.azimutcroisiere.com\/en\/#organization\"},\"potentialAction\":[{\"@type\":\"SearchAction\",\"target\":{\"@type\":\"EntryPoint\",\"urlTemplate\":\"https:\/\/www.azimutcroisiere.com\/en\/?s={search_term_string}\"},\"query-input\":{\"@type\":\"PropertyValueSpecification\",\"valueRequired\":true,\"valueName\":\"search_term_string\"}}],\"inLanguage\":\"en-US\"},{\"@type\":\"Organization\",\"@id\":\"https:\/\/www.azimutcroisiere.com\/en\/#organization\",\"name\":\"AZIMUT Croisi\u00e8re \u00e0 la journ\u00e9e en Guadeloupe en catamaran \u00e0 voile\",\"url\":\"https:\/\/www.azimutcroisiere.com\/en\/\",\"logo\":{\"@type\":\"ImageObject\",\"inLanguage\":\"en-US\",\"@id\":\"https:\/\/www.azimutcroisiere.com\/en\/#\/schema\/logo\/image\/\",\"url\":\"https:\/\/www.azimutcroisiere.com\/wp-content\/uploads\/2025\/10\/logo-azimut-croisiere.webp\",\"contentUrl\":\"https:\/\/www.azimutcroisiere.com\/wp-content\/uploads\/2025\/10\/logo-azimut-croisiere.webp\",\"width\":125,\"height\":92,\"caption\":\"AZIMUT Croisi\u00e8re \u00e0 la journ\u00e9e en Guadeloupe en catamaran \u00e0 voile\"},\"image\":{\"@id\":\"https:\/\/www.azimutcroisiere.com\/en\/#\/schema\/logo\/image\/\"},\"sameAs\":[\"https:\/\/www.facebook.com\/profile.php?id=100064558514987\"]}]}<\/script>\n<!-- \/ Yoast SEO plugin. -->","yoast_head_json":{"title":"Legal Notice - AZIMUT Croisi\u00e8re \u00e0 la journ\u00e9e en Guadeloupe en catamaran \u00e0 voile","robots":{"index":"index","follow":"follow","max-snippet":"max-snippet:-1","max-image-preview":"max-image-preview:large","max-video-preview":"max-video-preview:-1"},"canonical":"https:\/\/www.azimutcroisiere.com\/en\/legal-notice\/","og_locale":"en_US","og_type":"article","og_title":"Legal Notice - AZIMUT Croisi\u00e8re \u00e0 la journ\u00e9e en Guadeloupe en catamaran \u00e0 voile","og_description":"1 &#8211; Site Editor Pursuant to Article 6 of Law No. 2004-575 of June 21, 2004 on Confidence in the Digital Economy, users of the website https:\/\/www.azimutcroisiere.com\/ are informed of the identity of the various parties involved in its creation and monitoring: Site Owner: SNC DIAMANT VERT &#8211; Contact: info@azimutcroisiere.com +590 690 41 88 08&hellip; Continue reading Legal Notice","og_url":"https:\/\/www.azimutcroisiere.com\/en\/legal-notice\/","og_site_name":"AZIMUT Croisi\u00e8re \u00e0 la journ\u00e9e en Guadeloupe en catamaran \u00e0 voile","article_publisher":"https:\/\/www.facebook.com\/profile.php?id=100064558514987","article_modified_time":"2025-10-30T02:07:21+00:00","og_image":[{"width":1920,"height":800,"url":"https:\/\/www.azimutcroisiere.com\/wp-content\/uploads\/2025\/10\/grand-cul-de-sac-marin-guadeloupe-excursion-en-catamaran.webp","type":"image\/webp"}],"twitter_card":"summary_large_image","twitter_misc":{"Est. reading time":"3 minutes"},"schema":{"@context":"https:\/\/schema.org","@graph":[{"@type":"WebPage","@id":"https:\/\/www.azimutcroisiere.com\/en\/legal-notice\/","url":"https:\/\/www.azimutcroisiere.com\/en\/legal-notice\/","name":"Legal Notice - AZIMUT Croisi\u00e8re \u00e0 la journ\u00e9e en Guadeloupe en catamaran \u00e0 voile","isPartOf":{"@id":"https:\/\/www.azimutcroisiere.com\/en\/#website"},"datePublished":"2025-10-01T02:35:15+00:00","dateModified":"2025-10-30T02:07:21+00:00","breadcrumb":{"@id":"https:\/\/www.azimutcroisiere.com\/en\/legal-notice\/#breadcrumb"},"inLanguage":"en-US","potentialAction":[{"@type":"ReadAction","target":["https:\/\/www.azimutcroisiere.com\/en\/legal-notice\/"]}]},{"@type":"BreadcrumbList","@id":"https:\/\/www.azimutcroisiere.com\/en\/legal-notice\/#breadcrumb","itemListElement":[{"@type":"ListItem","position":1,"name":"Accueil","item":"https:\/\/www.azimutcroisiere.com\/en\/"},{"@type":"ListItem","position":2,"name":"Legal Notice"}]},{"@type":"WebSite","@id":"https:\/\/www.azimutcroisiere.com\/en\/#website","url":"https:\/\/www.azimutcroisiere.com\/en\/","name":"AZIMUT Croisi\u00e8re \u00e0 la journ\u00e9e en Guadeloupe en catamaran \u00e0 voile","description":"","publisher":{"@id":"https:\/\/www.azimutcroisiere.com\/en\/#organization"},"potentialAction":[{"@type":"SearchAction","target":{"@type":"EntryPoint","urlTemplate":"https:\/\/www.azimutcroisiere.com\/en\/?s={search_term_string}"},"query-input":{"@type":"PropertyValueSpecification","valueRequired":true,"valueName":"search_term_string"}}],"inLanguage":"en-US"},{"@type":"Organization","@id":"https:\/\/www.azimutcroisiere.com\/en\/#organization","name":"AZIMUT Croisi\u00e8re \u00e0 la journ\u00e9e en Guadeloupe en catamaran \u00e0 voile","url":"https:\/\/www.azimutcroisiere.com\/en\/","logo":{"@type":"ImageObject","inLanguage":"en-US","@id":"https:\/\/www.azimutcroisiere.com\/en\/#\/schema\/logo\/image\/","url":"https:\/\/www.azimutcroisiere.com\/wp-content\/uploads\/2025\/10\/logo-azimut-croisiere.webp","contentUrl":"https:\/\/www.azimutcroisiere.com\/wp-content\/uploads\/2025\/10\/logo-azimut-croisiere.webp","width":125,"height":92,"caption":"AZIMUT Croisi\u00e8re \u00e0 la journ\u00e9e en Guadeloupe en catamaran \u00e0 voile"},"image":{"@id":"https:\/\/www.azimutcroisiere.com\/en\/#\/schema\/logo\/image\/"},"sameAs":["https:\/\/www.facebook.com\/profile.php?id=100064558514987"]}]}},"_links":{"self":[{"href":"https:\/\/www.azimutcroisiere.com\/en\/wp-json\/wp\/v2\/pages\/22589","targetHints":{"allow":["GET"]}}],"collection":[{"href":"https:\/\/www.azimutcroisiere.com\/en\/wp-json\/wp\/v2\/pages"}],"about":[{"href":"https:\/\/www.azimutcroisiere.com\/en\/wp-json\/wp\/v2\/types\/page"}],"author":[{"embeddable":true,"href":"https:\/\/www.azimutcroisiere.com\/en\/wp-json\/wp\/v2\/users\/1"}],"replies":[{"embeddable":true,"href":"https:\/\/www.azimutcroisiere.com\/en\/wp-json\/wp\/v2\/comments?post=22589"}],"version-history":[{"count":4,"href":"https:\/\/www.azimutcroisiere.com\/en\/wp-json\/wp\/v2\/pages\/22589\/revisions"}],"predecessor-version":[{"id":22593,"href":"https:\/\/www.azimutcroisiere.com\/en\/wp-json\/wp\/v2\/pages\/22589\/revisions\/22593"}],"wp:attachment":[{"href":"https:\/\/www.azimutcroisiere.com\/en\/wp-json\/wp\/v2\/media?parent=22589"}],"curies":[{"name":"wp","href":"https:\/\/api.w.org\/{rel}","templated":true}]}}