{"id":22656,"date":"2025-10-09T04:21:15","date_gmt":"2025-10-09T02:21:15","guid":{"rendered":"https:\/\/www.azimutcroisiere.com\/our-boats\/"},"modified":"2025-10-31T15:55:30","modified_gmt":"2025-10-31T14:55:30","slug":"our-boats","status":"publish","type":"page","link":"https:\/\/www.azimutcroisiere.com\/en\/our-boats\/","title":{"rendered":"Our Boats"},"content":{"rendered":"\t\t<div data-elementor-type=\"wp-page\" data-elementor-id=\"22656\" class=\"elementor elementor-22656 elementor-21275\" data-elementor-post-type=\"page\">\n\t\t\t\t<div class=\"elementor-element elementor-element-58202672 e-flex e-con-boxed e-con e-parent\" data-id=\"58202672\" data-element_type=\"container\">\n\t\t\t\t\t<div class=\"e-con-inner\">\n\t\t\t\t<div class=\"elementor-element elementor-element-cac9139 elementor-widget elementor-widget-uipro-heading\" data-id=\"cac9139\" data-element_type=\"widget\" data-widget_type=\"uipro-heading.default\">\n\t\t\t\t<div class=\"elementor-widget-container\">\n\t\t\t\t\t<div class=\"templaza-parallax templaza-widget-heading template-base\">    <div data-scroll  class=\"sc_heading uk-flex uk-flex-column uk-position-relative center \"><h1 class=\"title uk-h3 uk-margin-medium\"><span class=\"heading-highlighted-wrapper\"><span class=\"heading-plain-text\">Nos bateaux<\/span><\/span><\/h1><span class=\"line uk-flex uk-flex-inline\"><\/span><\/div><\/div>\t\t\t\t<\/div>\n\t\t\t\t<\/div>\n\t\t\t\t\t<\/div>\n\t\t\t\t<\/div>\n\t\t<div class=\"elementor-element elementor-element-7f741384 e-flex e-con-boxed e-con e-parent\" data-id=\"7f741384\" data-element_type=\"container\" data-settings=\"{&quot;background_background&quot;:&quot;classic&quot;}\">\n\t\t\t\t\t<div class=\"e-con-inner\">\n\t\t<div class=\"elementor-element elementor-element-4b1e8f77 e-con-full e-flex e-con e-child\" data-id=\"4b1e8f77\" data-element_type=\"container\">\n\t\t\t\t<div class=\"elementor-element elementor-element-2c2a7cf7 elementor-widget elementor-widget-text-editor\" data-id=\"2c2a7cf7\" data-element_type=\"widget\" data-widget_type=\"text-editor.default\">\n\t\t\t\t\t\t\t\t\t<p>Discover Azimut Croisi\u00e8re&#8217;s fleet: three unique experiences to explore the Grand Cul-de-Sac Marin.<\/p>\t\t\t\t\t\t\t\t<\/div>\n\t\t\t\t<\/div>\n\t\t<div class=\"elementor-element elementor-element-7f463ff4 e-con-full e-flex e-con e-child\" data-id=\"7f463ff4\" data-element_type=\"container\">\n\t\t<div class=\"elementor-element elementor-element-3144179b e-con-full e-flex e-con e-child\" data-id=\"3144179b\" data-element_type=\"container\" data-settings=\"{&quot;background_background&quot;:&quot;classic&quot;}\">\n\t\t\t\t<div class=\"elementor-element elementor-element-42358450 elementor-widget elementor-widget-image\" data-id=\"42358450\" data-element_type=\"widget\" data-widget_type=\"image.default\">\n\t\t\t\t\t\t\t\t\t\t\t\t\t\t\t\t<a href=\"https:\/\/www.azimutcroisiere.com\/en\/azimut\/\">\n\t\t\t\t\t\t\t<img fetchpriority=\"high\" decoding=\"async\" width=\"493\" height=\"497\" src=\"https:\/\/www.azimutcroisiere.com\/wp-content\/uploads\/2025\/10\/azimut.webp\" class=\"attachment-large size-large wp-image-22616\" alt=\"Azimut\" srcset=\"https:\/\/www.azimutcroisiere.com\/wp-content\/uploads\/2025\/10\/azimut.webp 493w, https:\/\/www.azimutcroisiere.com\/wp-content\/uploads\/2025\/10\/azimut-298x300.webp 298w, https:\/\/www.azimutcroisiere.com\/wp-content\/uploads\/2025\/10\/azimut-150x150.webp 150w\" sizes=\"(max-width: 493px) 100vw, 493px\" \/>\t\t\t\t\t\t\t\t<\/a>\n\t\t\t\t\t\t\t\t\t\t\t\t\t\t\t<\/div>\n\t\t\t\t<div class=\"elementor-element elementor-element-71d8e0dc elementor-widget elementor-widget-uipro-heading\" data-id=\"71d8e0dc\" data-element_type=\"widget\" data-widget_type=\"uipro-heading.default\">\n\t\t\t\t<div class=\"elementor-widget-container\">\n\t\t\t\t\t<div class=\"templaza-parallax templaza-widget-heading template-base\">    <div data-scroll  class=\"sc_heading uk-flex uk-flex-column uk-position-relative \"><h3 class=\"title uk-h3 uk-margin\"><span class=\"heading-highlighted-wrapper\"><span class=\"heading-plain-text\">AZIMUT<\/span><\/span><\/h3><span class=\"sub-heading uk-flex uk-flex-inline uk-flex-middle\"><span class=\"sub-heading-content\">Embarquez \u00e0 bord du Catamaran \u00e0 Voile AZIMUT pour une journ\u00e9e \u00e9cotouristique.<\/span><\/span><\/div><\/div>\t\t\t\t<\/div>\n\t\t\t\t<\/div>\n\t\t\t\t<div class=\"elementor-element elementor-element-2834db39 elementor-widget elementor-widget-uipro-uibutton\" data-id=\"2834db39\" data-element_type=\"widget\" data-widget_type=\"uipro-uibutton.default\">\n\t\t\t\t<div class=\"elementor-widget-container\">\n\t\t\t\t\t<div class=\"templaza-parallax templaza-widget-uibutton template-base\"><div class=\"ui-buttons\"><div class=\"uk-flex-middle uk-grid-small uk-child-width-auto\" data-uk-grid><div class=\"elementor-repeater-item-86e276f\"><a href=\"\/catamaran-azimut\/\" class=\"ui-button uk-button uk-flex uk-flex-middle uk-button-custom uk-border-square\">D\u00e9couvrir<\/a><\/div><\/div><\/div><\/div>\t\t\t\t<\/div>\n\t\t\t\t<\/div>\n\t\t\t\t<\/div>\n\t\t<div class=\"elementor-element elementor-element-b92fab1 e-con-full e-flex e-con e-child\" data-id=\"b92fab1\" data-element_type=\"container\" data-settings=\"{&quot;background_background&quot;:&quot;classic&quot;}\">\n\t\t\t\t<div class=\"elementor-element elementor-element-6c527b69 elementor-widget elementor-widget-image\" data-id=\"6c527b69\" data-element_type=\"widget\" data-widget_type=\"image.default\">\n\t\t\t\t\t\t\t\t\t\t\t\t\t\t\t\t<a href=\"https:\/\/www.azimutcroisiere.com\/une-journee-sur-idile\/\">\n\t\t\t\t\t\t\t<img decoding=\"async\" width=\"507\" height=\"517\" src=\"https:\/\/www.azimutcroisiere.com\/wp-content\/uploads\/2025\/10\/idile.webp\" class=\"attachment-large size-large wp-image-22614\" alt=\"\" srcset=\"https:\/\/www.azimutcroisiere.com\/wp-content\/uploads\/2025\/10\/idile.webp 507w, https:\/\/www.azimutcroisiere.com\/wp-content\/uploads\/2025\/10\/idile-294x300.webp 294w\" sizes=\"(max-width: 507px) 100vw, 507px\" \/>\t\t\t\t\t\t\t\t<\/a>\n\t\t\t\t\t\t\t\t\t\t\t\t\t\t\t<\/div>\n\t\t\t\t<div class=\"elementor-element elementor-element-71cc2df6 elementor-widget elementor-widget-uipro-heading\" data-id=\"71cc2df6\" data-element_type=\"widget\" data-widget_type=\"uipro-heading.default\">\n\t\t\t\t<div class=\"elementor-widget-container\">\n\t\t\t\t\t<div class=\"templaza-parallax templaza-widget-heading template-base\">    <div data-scroll  class=\"sc_heading uk-flex uk-flex-column uk-position-relative \"><h3 class=\"title uk-h3 uk-margin\"><span class=\"heading-highlighted-wrapper\"><span class=\"heading-plain-text\">ID'ILE<\/span><\/span><\/h3><span class=\"sub-heading uk-flex uk-flex-inline uk-flex-middle\"><span class=\"sub-heading-content\">Embarquez \u00e0 bord de la Vedette Catamaran ID\u2019ILE pour une journ\u00e9e \u00e9cotouristique<\/span><\/span><\/div><\/div>\t\t\t\t<\/div>\n\t\t\t\t<\/div>\n\t\t\t\t<div class=\"elementor-element elementor-element-7c7eebe elementor-widget elementor-widget-uipro-uibutton\" data-id=\"7c7eebe\" data-element_type=\"widget\" data-widget_type=\"uipro-uibutton.default\">\n\t\t\t\t<div class=\"elementor-widget-container\">\n\t\t\t\t\t<div class=\"templaza-parallax templaza-widget-uibutton template-base\"><div class=\"ui-buttons\"><div class=\"uk-flex-middle uk-grid-small uk-child-width-auto\" data-uk-grid><div class=\"elementor-repeater-item-86e276f\"><a href=\"\/une-journee-sur-idile\" class=\"ui-button uk-button uk-flex uk-flex-middle uk-button-custom uk-border-square\">D\u00e9couvrir<\/a><\/div><\/div><\/div><\/div>\t\t\t\t<\/div>\n\t\t\t\t<\/div>\n\t\t\t\t<\/div>\n\t\t<div class=\"elementor-element elementor-element-1f671106 e-con-full e-flex e-con e-child\" data-id=\"1f671106\" data-element_type=\"container\" data-settings=\"{&quot;background_background&quot;:&quot;classic&quot;}\">\n\t\t\t\t<div class=\"elementor-element elementor-element-34676161 elementor-widget__width-initial elementor-widget elementor-widget-image\" data-id=\"34676161\" data-element_type=\"widget\" data-widget_type=\"image.default\">\n\t\t\t\t\t\t\t\t\t\t\t\t\t\t\t\t<a href=\"https:\/\/www.azimutcroisiere.com\/moana\/\">\n\t\t\t\t\t\t\t<img decoding=\"async\" width=\"510\" height=\"506\" src=\"https:\/\/www.azimutcroisiere.com\/wp-content\/uploads\/2025\/10\/moana.webp\" class=\"attachment-large size-large wp-image-22615\" alt=\"\" srcset=\"https:\/\/www.azimutcroisiere.com\/wp-content\/uploads\/2025\/10\/moana.webp 510w, https:\/\/www.azimutcroisiere.com\/wp-content\/uploads\/2025\/10\/moana-300x298.webp 300w, https:\/\/www.azimutcroisiere.com\/wp-content\/uploads\/2025\/10\/moana-150x150.webp 150w\" sizes=\"(max-width: 510px) 100vw, 510px\" \/>\t\t\t\t\t\t\t\t<\/a>\n\t\t\t\t\t\t\t\t\t\t\t\t\t\t\t<\/div>\n\t\t\t\t<div class=\"elementor-element elementor-element-7451f371 elementor-widget elementor-widget-uipro-heading\" data-id=\"7451f371\" data-element_type=\"widget\" data-widget_type=\"uipro-heading.default\">\n\t\t\t\t<div class=\"elementor-widget-container\">\n\t\t\t\t\t<div class=\"templaza-parallax templaza-widget-heading template-base\">    <div data-scroll  class=\"sc_heading uk-flex uk-flex-column uk-position-relative \"><h3 class=\"title uk-h3 uk-margin\"><span class=\"heading-highlighted-wrapper\"><span class=\"heading-plain-text\">MOANA<\/span><\/span><\/h3><span class=\"sub-heading uk-flex uk-flex-inline uk-flex-middle\"><span class=\"sub-heading-content\">Offrez vous la location d\u2019un catamaran \u00e0 Voile et b\u00e9n\u00e9ficiez d\u2019une croisi\u00e8re sur mesure<\/span><\/span><\/div><\/div>\t\t\t\t<\/div>\n\t\t\t\t<\/div>\n\t\t\t\t<div class=\"elementor-element elementor-element-3a219228 elementor-widget elementor-widget-uipro-uibutton\" data-id=\"3a219228\" data-element_type=\"widget\" data-widget_type=\"uipro-uibutton.default\">\n\t\t\t\t<div class=\"elementor-widget-container\">\n\t\t\t\t\t<div class=\"templaza-parallax templaza-widget-uibutton template-base\"><div class=\"ui-buttons\"><div class=\"uk-flex-middle uk-grid-small uk-child-width-auto\" data-uk-grid><div class=\"elementor-repeater-item-86e276f\"><a href=\"\/moana\/\" class=\"ui-button uk-button uk-flex uk-flex-middle uk-button-custom uk-border-square\">D\u00e9couvrir<\/a><\/div><\/div><\/div><\/div>\t\t\t\t<\/div>\n\t\t\t\t<\/div>\n\t\t\t\t<\/div>\n\t\t\t\t<\/div>\n\t\t\t\t\t<\/div>\n\t\t\t\t<\/div>\n\t\t\t\t<\/div>\n\t\t","protected":false},"excerpt":{"rendered":"<p>Nos bateaux Discover Azimut Croisi\u00e8re&#8217;s fleet: three unique experiences to explore the Grand Cul-de-Sac Marin. AZIMUT Embarquez \u00e0 bord du Catamaran \u00e0 Voile AZIMUT pour une journ\u00e9e \u00e9cotouristique. D\u00e9couvrir ID&#8217;ILE Embarquez \u00e0 bord de la Vedette Catamaran ID\u2019ILE pour une journ\u00e9e \u00e9cotouristique D\u00e9couvrir MOANA Offrez vous la location d\u2019un catamaran \u00e0 Voile et b\u00e9n\u00e9ficiez d\u2019une&hellip; <a class=\"more-link\" href=\"https:\/\/www.azimutcroisiere.com\/en\/our-boats\/\">Continue reading <span class=\"screen-reader-text\">Our Boats<\/span><\/a><\/p>\n","protected":false},"author":1,"featured_media":0,"parent":0,"menu_order":0,"comment_status":"closed","ping_status":"closed","template":"","meta":{"footnotes":""},"class_list":["post-22656","page","type-page","status-publish","hentry"],"yoast_head":"<!-- This site is optimized with the Yoast SEO plugin v26.2 - https:\/\/yoast.com\/wordpress\/plugins\/seo\/ -->\n<title>Our Boats - AZIMUT Croisi\u00e8re \u00e0 la journ\u00e9e en Guadeloupe en catamaran \u00e0 voile<\/title>\n<meta name=\"description\" content=\"Discover Azimut Croisi\u00e8re&#039;s fleet: three unique experiences to explore the Grand Cul-de-Sac Marin.\" \/>\n<meta name=\"robots\" content=\"index, follow, max-snippet:-1, max-image-preview:large, max-video-preview:-1\" \/>\n<link rel=\"canonical\" href=\"https:\/\/www.azimutcroisiere.com\/en\/our-boats\/\" \/>\n<meta property=\"og:locale\" content=\"en_US\" \/>\n<meta property=\"og:type\" content=\"article\" \/>\n<meta property=\"og:title\" content=\"Our Boats - AZIMUT Croisi\u00e8re \u00e0 la journ\u00e9e en Guadeloupe en catamaran \u00e0 voile\" \/>\n<meta property=\"og:description\" content=\"Discover Azimut Croisi\u00e8re&#039;s fleet: three unique experiences to explore the Grand Cul-de-Sac Marin.\" \/>\n<meta property=\"og:url\" content=\"https:\/\/www.azimutcroisiere.com\/en\/our-boats\/\" \/>\n<meta property=\"og:site_name\" content=\"AZIMUT Croisi\u00e8re \u00e0 la journ\u00e9e en Guadeloupe en catamaran \u00e0 voile\" \/>\n<meta property=\"article:publisher\" content=\"https:\/\/www.facebook.com\/profile.php?id=100064558514987\" \/>\n<meta property=\"article:modified_time\" content=\"2025-10-31T14:55:30+00:00\" \/>\n<meta property=\"og:image\" content=\"https:\/\/www.azimutcroisiere.com\/wp-content\/uploads\/2025\/10\/azimut.webp\" \/>\n<meta name=\"twitter:card\" content=\"summary_large_image\" \/>\n<meta name=\"twitter:label1\" content=\"Est. reading time\" \/>\n\t<meta name=\"twitter:data1\" content=\"1 minute\" \/>\n<script type=\"application\/ld+json\" class=\"yoast-schema-graph\">{\"@context\":\"https:\/\/schema.org\",\"@graph\":[{\"@type\":\"WebPage\",\"@id\":\"https:\/\/www.azimutcroisiere.com\/en\/our-boats\/\",\"url\":\"https:\/\/www.azimutcroisiere.com\/en\/our-boats\/\",\"name\":\"Our Boats - AZIMUT Croisi\u00e8re \u00e0 la journ\u00e9e en Guadeloupe en catamaran \u00e0 voile\",\"isPartOf\":{\"@id\":\"https:\/\/www.azimutcroisiere.com\/en\/#website\"},\"primaryImageOfPage\":{\"@id\":\"https:\/\/www.azimutcroisiere.com\/en\/our-boats\/#primaryimage\"},\"image\":{\"@id\":\"https:\/\/www.azimutcroisiere.com\/en\/our-boats\/#primaryimage\"},\"thumbnailUrl\":\"https:\/\/www.azimutcroisiere.com\/wp-content\/uploads\/2025\/10\/azimut.webp\",\"datePublished\":\"2025-10-09T02:21:15+00:00\",\"dateModified\":\"2025-10-31T14:55:30+00:00\",\"description\":\"Discover Azimut Croisi\u00e8re's fleet: three unique experiences to explore the Grand Cul-de-Sac Marin.\",\"breadcrumb\":{\"@id\":\"https:\/\/www.azimutcroisiere.com\/en\/our-boats\/#breadcrumb\"},\"inLanguage\":\"en-US\",\"potentialAction\":[{\"@type\":\"ReadAction\",\"target\":[\"https:\/\/www.azimutcroisiere.com\/en\/our-boats\/\"]}]},{\"@type\":\"ImageObject\",\"inLanguage\":\"en-US\",\"@id\":\"https:\/\/www.azimutcroisiere.com\/en\/our-boats\/#primaryimage\",\"url\":\"https:\/\/www.azimutcroisiere.com\/wp-content\/uploads\/2025\/10\/azimut.webp\",\"contentUrl\":\"https:\/\/www.azimutcroisiere.com\/wp-content\/uploads\/2025\/10\/azimut.webp\"},{\"@type\":\"BreadcrumbList\",\"@id\":\"https:\/\/www.azimutcroisiere.com\/en\/our-boats\/#breadcrumb\",\"itemListElement\":[{\"@type\":\"ListItem\",\"position\":1,\"name\":\"Accueil\",\"item\":\"https:\/\/www.azimutcroisiere.com\/en\/\"},{\"@type\":\"ListItem\",\"position\":2,\"name\":\"Our Boats\"}]},{\"@type\":\"WebSite\",\"@id\":\"https:\/\/www.azimutcroisiere.com\/en\/#website\",\"url\":\"https:\/\/www.azimutcroisiere.com\/en\/\",\"name\":\"AZIMUT Croisi\u00e8re \u00e0 la journ\u00e9e en Guadeloupe en catamaran \u00e0 voile\",\"description\":\"\",\"publisher\":{\"@id\":\"https:\/\/www.azimutcroisiere.com\/en\/#organization\"},\"potentialAction\":[{\"@type\":\"SearchAction\",\"target\":{\"@type\":\"EntryPoint\",\"urlTemplate\":\"https:\/\/www.azimutcroisiere.com\/en\/?s={search_term_string}\"},\"query-input\":{\"@type\":\"PropertyValueSpecification\",\"valueRequired\":true,\"valueName\":\"search_term_string\"}}],\"inLanguage\":\"en-US\"},{\"@type\":\"Organization\",\"@id\":\"https:\/\/www.azimutcroisiere.com\/en\/#organization\",\"name\":\"AZIMUT Croisi\u00e8re \u00e0 la journ\u00e9e en Guadeloupe en catamaran \u00e0 voile\",\"url\":\"https:\/\/www.azimutcroisiere.com\/en\/\",\"logo\":{\"@type\":\"ImageObject\",\"inLanguage\":\"en-US\",\"@id\":\"https:\/\/www.azimutcroisiere.com\/en\/#\/schema\/logo\/image\/\",\"url\":\"https:\/\/www.azimutcroisiere.com\/wp-content\/uploads\/2025\/10\/logo-azimut-croisiere.webp\",\"contentUrl\":\"https:\/\/www.azimutcroisiere.com\/wp-content\/uploads\/2025\/10\/logo-azimut-croisiere.webp\",\"width\":125,\"height\":92,\"caption\":\"AZIMUT Croisi\u00e8re \u00e0 la journ\u00e9e en Guadeloupe en catamaran \u00e0 voile\"},\"image\":{\"@id\":\"https:\/\/www.azimutcroisiere.com\/en\/#\/schema\/logo\/image\/\"},\"sameAs\":[\"https:\/\/www.facebook.com\/profile.php?id=100064558514987\"]}]}<\/script>\n<!-- \/ Yoast SEO plugin. -->","yoast_head_json":{"title":"Our Boats - AZIMUT Croisi\u00e8re \u00e0 la journ\u00e9e en Guadeloupe en catamaran \u00e0 voile","description":"Discover Azimut Croisi\u00e8re's fleet: three unique experiences to explore the Grand Cul-de-Sac Marin.","robots":{"index":"index","follow":"follow","max-snippet":"max-snippet:-1","max-image-preview":"max-image-preview:large","max-video-preview":"max-video-preview:-1"},"canonical":"https:\/\/www.azimutcroisiere.com\/en\/our-boats\/","og_locale":"en_US","og_type":"article","og_title":"Our Boats - AZIMUT Croisi\u00e8re \u00e0 la journ\u00e9e en Guadeloupe en catamaran \u00e0 voile","og_description":"Discover Azimut Croisi\u00e8re's fleet: three unique experiences to explore the Grand Cul-de-Sac Marin.","og_url":"https:\/\/www.azimutcroisiere.com\/en\/our-boats\/","og_site_name":"AZIMUT Croisi\u00e8re \u00e0 la journ\u00e9e en Guadeloupe en catamaran \u00e0 voile","article_publisher":"https:\/\/www.facebook.com\/profile.php?id=100064558514987","article_modified_time":"2025-10-31T14:55:30+00:00","og_image":[{"url":"https:\/\/www.azimutcroisiere.com\/wp-content\/uploads\/2025\/10\/azimut.webp","type":"","width":"","height":""}],"twitter_card":"summary_large_image","twitter_misc":{"Est. reading time":"1 minute"},"schema":{"@context":"https:\/\/schema.org","@graph":[{"@type":"WebPage","@id":"https:\/\/www.azimutcroisiere.com\/en\/our-boats\/","url":"https:\/\/www.azimutcroisiere.com\/en\/our-boats\/","name":"Our Boats - AZIMUT Croisi\u00e8re \u00e0 la journ\u00e9e en Guadeloupe en catamaran \u00e0 voile","isPartOf":{"@id":"https:\/\/www.azimutcroisiere.com\/en\/#website"},"primaryImageOfPage":{"@id":"https:\/\/www.azimutcroisiere.com\/en\/our-boats\/#primaryimage"},"image":{"@id":"https:\/\/www.azimutcroisiere.com\/en\/our-boats\/#primaryimage"},"thumbnailUrl":"https:\/\/www.azimutcroisiere.com\/wp-content\/uploads\/2025\/10\/azimut.webp","datePublished":"2025-10-09T02:21:15+00:00","dateModified":"2025-10-31T14:55:30+00:00","description":"Discover Azimut Croisi\u00e8re's fleet: three unique experiences to explore the Grand Cul-de-Sac Marin.","breadcrumb":{"@id":"https:\/\/www.azimutcroisiere.com\/en\/our-boats\/#breadcrumb"},"inLanguage":"en-US","potentialAction":[{"@type":"ReadAction","target":["https:\/\/www.azimutcroisiere.com\/en\/our-boats\/"]}]},{"@type":"ImageObject","inLanguage":"en-US","@id":"https:\/\/www.azimutcroisiere.com\/en\/our-boats\/#primaryimage","url":"https:\/\/www.azimutcroisiere.com\/wp-content\/uploads\/2025\/10\/azimut.webp","contentUrl":"https:\/\/www.azimutcroisiere.com\/wp-content\/uploads\/2025\/10\/azimut.webp"},{"@type":"BreadcrumbList","@id":"https:\/\/www.azimutcroisiere.com\/en\/our-boats\/#breadcrumb","itemListElement":[{"@type":"ListItem","position":1,"name":"Accueil","item":"https:\/\/www.azimutcroisiere.com\/en\/"},{"@type":"ListItem","position":2,"name":"Our Boats"}]},{"@type":"WebSite","@id":"https:\/\/www.azimutcroisiere.com\/en\/#website","url":"https:\/\/www.azimutcroisiere.com\/en\/","name":"AZIMUT Croisi\u00e8re \u00e0 la journ\u00e9e en Guadeloupe en catamaran \u00e0 voile","description":"","publisher":{"@id":"https:\/\/www.azimutcroisiere.com\/en\/#organization"},"potentialAction":[{"@type":"SearchAction","target":{"@type":"EntryPoint","urlTemplate":"https:\/\/www.azimutcroisiere.com\/en\/?s={search_term_string}"},"query-input":{"@type":"PropertyValueSpecification","valueRequired":true,"valueName":"search_term_string"}}],"inLanguage":"en-US"},{"@type":"Organization","@id":"https:\/\/www.azimutcroisiere.com\/en\/#organization","name":"AZIMUT Croisi\u00e8re \u00e0 la journ\u00e9e en Guadeloupe en catamaran \u00e0 voile","url":"https:\/\/www.azimutcroisiere.com\/en\/","logo":{"@type":"ImageObject","inLanguage":"en-US","@id":"https:\/\/www.azimutcroisiere.com\/en\/#\/schema\/logo\/image\/","url":"https:\/\/www.azimutcroisiere.com\/wp-content\/uploads\/2025\/10\/logo-azimut-croisiere.webp","contentUrl":"https:\/\/www.azimutcroisiere.com\/wp-content\/uploads\/2025\/10\/logo-azimut-croisiere.webp","width":125,"height":92,"caption":"AZIMUT Croisi\u00e8re \u00e0 la journ\u00e9e en Guadeloupe en catamaran \u00e0 voile"},"image":{"@id":"https:\/\/www.azimutcroisiere.com\/en\/#\/schema\/logo\/image\/"},"sameAs":["https:\/\/www.facebook.com\/profile.php?id=100064558514987"]}]}},"_links":{"self":[{"href":"https:\/\/www.azimutcroisiere.com\/en\/wp-json\/wp\/v2\/pages\/22656","targetHints":{"allow":["GET"]}}],"collection":[{"href":"https:\/\/www.azimutcroisiere.com\/en\/wp-json\/wp\/v2\/pages"}],"about":[{"href":"https:\/\/www.azimutcroisiere.com\/en\/wp-json\/wp\/v2\/types\/page"}],"author":[{"embeddable":true,"href":"https:\/\/www.azimutcroisiere.com\/en\/wp-json\/wp\/v2\/users\/1"}],"replies":[{"embeddable":true,"href":"https:\/\/www.azimutcroisiere.com\/en\/wp-json\/wp\/v2\/comments?post=22656"}],"version-history":[{"count":3,"href":"https:\/\/www.azimutcroisiere.com\/en\/wp-json\/wp\/v2\/pages\/22656\/revisions"}],"predecessor-version":[{"id":22832,"href":"https:\/\/www.azimutcroisiere.com\/en\/wp-json\/wp\/v2\/pages\/22656\/revisions\/22832"}],"wp:attachment":[{"href":"https:\/\/www.azimutcroisiere.com\/en\/wp-json\/wp\/v2\/media?parent=22656"}],"curies":[{"name":"wp","href":"https:\/\/api.w.org\/{rel}","templated":true}]}}