{"id":22804,"date":"2025-10-24T16:07:03","date_gmt":"2025-10-24T14:07:03","guid":{"rendered":"https:\/\/www.azimutcroisiere.com\/moana\/"},"modified":"2025-10-31T15:54:29","modified_gmt":"2025-10-31T14:54:29","slug":"moana","status":"publish","type":"page","link":"https:\/\/www.azimutcroisiere.com\/en\/moana\/","title":{"rendered":"Moana"},"content":{"rendered":"\t\t<div data-elementor-type=\"wp-page\" data-elementor-id=\"22804\" class=\"elementor elementor-22804 elementor-22102\" data-elementor-post-type=\"page\">\n\t\t\t\t<div class=\"elementor-element elementor-element-279f08b e-flex e-con-boxed e-con e-parent\" data-id=\"279f08b\" data-element_type=\"container\">\n\t\t\t\t\t<div class=\"e-con-inner\">\n\t\t\t\t<div class=\"elementor-element elementor-element-fcb5f14 elementor-widget elementor-widget-slider_revolution\" data-id=\"fcb5f14\" data-element_type=\"widget\" data-widget_type=\"slider_revolution.default\">\n\t\t\t\t\t\n\t\t<div class=\"wp-block-themepunch-revslider\">\n\t\t\t\t<p class=\"rs-p-wp-fix\"><\/p>\n\t\t\t\t<sr7-module data-alias=\"moana-1\" data-id=\"10\" id=\"SR7_10_1\" class=\"rs-ov-hidden\" data-version=\"6.7.35\">\n\t\t\t\t\t<sr7-adjuster><\/sr7-adjuster>\n\t\t\t\t\t<sr7-content>\n\t\t\t\t\t\t<sr7-slide id=\"SR7_10_1-25\" data-key=\"25\">\n\t\t\t\t\t\t\t<sr7-bg id=\"SR7_10_1-25-2\" class=\"sr7-layer\"><noscript><img decoding=\"async\" src=\"https:\/\/www.azimutcroisiere.com\/wp-content\/uploads\/2025\/10\/moana-sortie-bateau-guadeloupe.webp\" alt=\"\" title=\"moana sortie bateau guadeloupe\"><\/noscript><\/sr7-bg>\n\t\t\t\t\t\t\t<sr7-txt id=\"SR7_10_1-25-0\" class=\"sr7-layer\">Prochainement disponible...<\/sr7-txt>\n\t\t\t\t\t\t\t<sr7-txt id=\"SR7_10_1-25-1\" class=\"sr7-layer\">Moana<\/sr7-txt>\n\t\t\t\t\t\t<\/sr7-slide>\n\t\t\t\t\t\t<sr7-slide id=\"SR7_10_1-26\" data-key=\"26\">\n\t\t\t\t\t\t<\/sr7-slide>\n\t\t\t\t\t<\/sr7-content>\n\t\t\t\t\t<image_lists style=\"display:none\">\n\t\t\t\t\t\t<img data-src=\"\/\/www.azimutcroisiere.com\/wp-content\/uploads\/2025\/10\/moana-sortie-bateau-guadeloupe.webp\" data-libid=\"21795\" data-lib=\"medialibrary\" title=\"moana sortie bateau guadeloupe\" width=\"0\" height=\"0\" data-dbsrc=\"Ly93d3cuYXppbXV0Y3JvaXNpZXJlLmNvbS93cC1jb250ZW50L3VwbG9hZHMvMjAyNS8xMC9tb2FuYS1zb3J0aWUtYmF0ZWF1LWd1YWRlbG91cGUud2VicA==\"\/>\n\t\t\t\t\t<\/image_lists>\n\t\t\t\t<\/sr7-module>\n\t\t\t\t<script>\n\t\t\t\t\tSR7.PMH ??={}; SR7.PMH[\"SR7_10_1\"] = {cn:100,state:false,fn: function() { if (_tpt!==undefined && _tpt.prepareModuleHeight !== undefined) {  _tpt.prepareModuleHeight({id:\"SR7_10_1\",el:[650,650,650,500,350],type:'standard',shdw:'0',gh:[650,650,650,500,350],gw:[1240,1240,1024,778,480],vpt:['-200px&#039;,&#039;-200px&#039;,&#039;-200px&#039;,&#039;-200px&#039;,&#039;-200px'],size:{fullWidth:true, fullHeight:false},mh:'0',onh:0,onw:0,bg:{color:'{\"orig\":\"transparent\",\"type\":\"solid\",\"string\":\"transparent\"}'}});   SR7.PMH[\"SR7_10_1\"].state=true;} else if(SR7.PMH[\"SR7_10_1\"].cn-->0)\tsetTimeout( SR7.PMH[\"SR7_10_1\"].fn,19);}};SR7.PMH[\"SR7_10_1\" ].fn();\n\t\t\t\t<\/script>\n<\/div>\n\n\t\t\t\t\t\t<\/div>\n\t\t\t\t\t<\/div>\n\t\t\t\t<\/div>\n\t\t\t\t<\/div>\n\t\t","protected":false},"excerpt":{"rendered":"","protected":false},"author":1,"featured_media":22615,"parent":0,"menu_order":0,"comment_status":"closed","ping_status":"closed","template":"","meta":{"footnotes":""},"class_list":["post-22804","page","type-page","status-publish","has-post-thumbnail","hentry"],"yoast_head":"<!-- This site is optimized with the Yoast SEO plugin v26.2 - https:\/\/yoast.com\/wordpress\/plugins\/seo\/ -->\n<title>Moana - AZIMUT Croisi\u00e8re \u00e0 la journ\u00e9e en Guadeloupe en catamaran \u00e0 voile<\/title>\n<meta name=\"description\" content=\"Treat yourself to the private charter of an exceptional catamaran with crew and enjoy a tailor-made day!\" \/>\n<meta name=\"robots\" content=\"index, follow, max-snippet:-1, max-image-preview:large, max-video-preview:-1\" \/>\n<link rel=\"canonical\" href=\"https:\/\/www.azimutcroisiere.com\/en\/moana\/\" \/>\n<meta property=\"og:locale\" content=\"en_US\" \/>\n<meta property=\"og:type\" content=\"article\" \/>\n<meta property=\"og:title\" content=\"Moana - AZIMUT Croisi\u00e8re \u00e0 la journ\u00e9e en Guadeloupe en catamaran \u00e0 voile\" \/>\n<meta property=\"og:description\" content=\"Treat yourself to the private charter of an exceptional catamaran with crew and enjoy a tailor-made day!\" \/>\n<meta property=\"og:url\" content=\"https:\/\/www.azimutcroisiere.com\/en\/moana\/\" \/>\n<meta property=\"og:site_name\" content=\"AZIMUT Croisi\u00e8re \u00e0 la journ\u00e9e en Guadeloupe en catamaran \u00e0 voile\" \/>\n<meta property=\"article:publisher\" content=\"https:\/\/www.facebook.com\/profile.php?id=100064558514987\" \/>\n<meta property=\"article:modified_time\" content=\"2025-10-31T14:54:29+00:00\" \/>\n<meta property=\"og:image\" content=\"https:\/\/www.azimutcroisiere.com\/wp-content\/uploads\/2025\/10\/moana.webp\" \/>\n\t<meta property=\"og:image:width\" content=\"510\" \/>\n\t<meta property=\"og:image:height\" content=\"506\" \/>\n\t<meta property=\"og:image:type\" content=\"image\/webp\" \/>\n<meta name=\"twitter:card\" content=\"summary_large_image\" \/>\n<meta name=\"twitter:label1\" content=\"Est. reading time\" \/>\n\t<meta name=\"twitter:data1\" content=\"1 minute\" \/>\n<script type=\"application\/ld+json\" class=\"yoast-schema-graph\">{\"@context\":\"https:\/\/schema.org\",\"@graph\":[{\"@type\":\"WebPage\",\"@id\":\"https:\/\/www.azimutcroisiere.com\/en\/moana\/\",\"url\":\"https:\/\/www.azimutcroisiere.com\/en\/moana\/\",\"name\":\"Moana - AZIMUT Croisi\u00e8re \u00e0 la journ\u00e9e en Guadeloupe en catamaran \u00e0 voile\",\"isPartOf\":{\"@id\":\"https:\/\/www.azimutcroisiere.com\/en\/#website\"},\"primaryImageOfPage\":{\"@id\":\"https:\/\/www.azimutcroisiere.com\/en\/moana\/#primaryimage\"},\"image\":{\"@id\":\"https:\/\/www.azimutcroisiere.com\/en\/moana\/#primaryimage\"},\"thumbnailUrl\":\"https:\/\/www.azimutcroisiere.com\/wp-content\/uploads\/2025\/10\/moana.webp\",\"datePublished\":\"2025-10-24T14:07:03+00:00\",\"dateModified\":\"2025-10-31T14:54:29+00:00\",\"description\":\"Treat yourself to the private charter of an exceptional catamaran with crew and enjoy a tailor-made day!\",\"breadcrumb\":{\"@id\":\"https:\/\/www.azimutcroisiere.com\/en\/moana\/#breadcrumb\"},\"inLanguage\":\"en-US\",\"potentialAction\":[{\"@type\":\"ReadAction\",\"target\":[\"https:\/\/www.azimutcroisiere.com\/en\/moana\/\"]}]},{\"@type\":\"ImageObject\",\"inLanguage\":\"en-US\",\"@id\":\"https:\/\/www.azimutcroisiere.com\/en\/moana\/#primaryimage\",\"url\":\"https:\/\/www.azimutcroisiere.com\/wp-content\/uploads\/2025\/10\/moana.webp\",\"contentUrl\":\"https:\/\/www.azimutcroisiere.com\/wp-content\/uploads\/2025\/10\/moana.webp\",\"width\":510,\"height\":506},{\"@type\":\"BreadcrumbList\",\"@id\":\"https:\/\/www.azimutcroisiere.com\/en\/moana\/#breadcrumb\",\"itemListElement\":[{\"@type\":\"ListItem\",\"position\":1,\"name\":\"Accueil\",\"item\":\"https:\/\/www.azimutcroisiere.com\/en\/\"},{\"@type\":\"ListItem\",\"position\":2,\"name\":\"Moana\"}]},{\"@type\":\"WebSite\",\"@id\":\"https:\/\/www.azimutcroisiere.com\/en\/#website\",\"url\":\"https:\/\/www.azimutcroisiere.com\/en\/\",\"name\":\"AZIMUT Croisi\u00e8re \u00e0 la journ\u00e9e en Guadeloupe en catamaran \u00e0 voile\",\"description\":\"\",\"publisher\":{\"@id\":\"https:\/\/www.azimutcroisiere.com\/en\/#organization\"},\"potentialAction\":[{\"@type\":\"SearchAction\",\"target\":{\"@type\":\"EntryPoint\",\"urlTemplate\":\"https:\/\/www.azimutcroisiere.com\/en\/?s={search_term_string}\"},\"query-input\":{\"@type\":\"PropertyValueSpecification\",\"valueRequired\":true,\"valueName\":\"search_term_string\"}}],\"inLanguage\":\"en-US\"},{\"@type\":\"Organization\",\"@id\":\"https:\/\/www.azimutcroisiere.com\/en\/#organization\",\"name\":\"AZIMUT Croisi\u00e8re \u00e0 la journ\u00e9e en Guadeloupe en catamaran \u00e0 voile\",\"url\":\"https:\/\/www.azimutcroisiere.com\/en\/\",\"logo\":{\"@type\":\"ImageObject\",\"inLanguage\":\"en-US\",\"@id\":\"https:\/\/www.azimutcroisiere.com\/en\/#\/schema\/logo\/image\/\",\"url\":\"https:\/\/www.azimutcroisiere.com\/wp-content\/uploads\/2025\/10\/logo-azimut-croisiere.webp\",\"contentUrl\":\"https:\/\/www.azimutcroisiere.com\/wp-content\/uploads\/2025\/10\/logo-azimut-croisiere.webp\",\"width\":125,\"height\":92,\"caption\":\"AZIMUT Croisi\u00e8re \u00e0 la journ\u00e9e en Guadeloupe en catamaran \u00e0 voile\"},\"image\":{\"@id\":\"https:\/\/www.azimutcroisiere.com\/en\/#\/schema\/logo\/image\/\"},\"sameAs\":[\"https:\/\/www.facebook.com\/profile.php?id=100064558514987\"]}]}<\/script>\n<!-- \/ Yoast SEO plugin. -->","yoast_head_json":{"title":"Moana - AZIMUT Croisi\u00e8re \u00e0 la journ\u00e9e en Guadeloupe en catamaran \u00e0 voile","description":"Treat yourself to the private charter of an exceptional catamaran with crew and enjoy a tailor-made day!","robots":{"index":"index","follow":"follow","max-snippet":"max-snippet:-1","max-image-preview":"max-image-preview:large","max-video-preview":"max-video-preview:-1"},"canonical":"https:\/\/www.azimutcroisiere.com\/en\/moana\/","og_locale":"en_US","og_type":"article","og_title":"Moana - AZIMUT Croisi\u00e8re \u00e0 la journ\u00e9e en Guadeloupe en catamaran \u00e0 voile","og_description":"Treat yourself to the private charter of an exceptional catamaran with crew and enjoy a tailor-made day!","og_url":"https:\/\/www.azimutcroisiere.com\/en\/moana\/","og_site_name":"AZIMUT Croisi\u00e8re \u00e0 la journ\u00e9e en Guadeloupe en catamaran \u00e0 voile","article_publisher":"https:\/\/www.facebook.com\/profile.php?id=100064558514987","article_modified_time":"2025-10-31T14:54:29+00:00","og_image":[{"width":510,"height":506,"url":"https:\/\/www.azimutcroisiere.com\/wp-content\/uploads\/2025\/10\/moana.webp","type":"image\/webp"}],"twitter_card":"summary_large_image","twitter_misc":{"Est. reading time":"1 minute"},"schema":{"@context":"https:\/\/schema.org","@graph":[{"@type":"WebPage","@id":"https:\/\/www.azimutcroisiere.com\/en\/moana\/","url":"https:\/\/www.azimutcroisiere.com\/en\/moana\/","name":"Moana - AZIMUT Croisi\u00e8re \u00e0 la journ\u00e9e en Guadeloupe en catamaran \u00e0 voile","isPartOf":{"@id":"https:\/\/www.azimutcroisiere.com\/en\/#website"},"primaryImageOfPage":{"@id":"https:\/\/www.azimutcroisiere.com\/en\/moana\/#primaryimage"},"image":{"@id":"https:\/\/www.azimutcroisiere.com\/en\/moana\/#primaryimage"},"thumbnailUrl":"https:\/\/www.azimutcroisiere.com\/wp-content\/uploads\/2025\/10\/moana.webp","datePublished":"2025-10-24T14:07:03+00:00","dateModified":"2025-10-31T14:54:29+00:00","description":"Treat yourself to the private charter of an exceptional catamaran with crew and enjoy a tailor-made day!","breadcrumb":{"@id":"https:\/\/www.azimutcroisiere.com\/en\/moana\/#breadcrumb"},"inLanguage":"en-US","potentialAction":[{"@type":"ReadAction","target":["https:\/\/www.azimutcroisiere.com\/en\/moana\/"]}]},{"@type":"ImageObject","inLanguage":"en-US","@id":"https:\/\/www.azimutcroisiere.com\/en\/moana\/#primaryimage","url":"https:\/\/www.azimutcroisiere.com\/wp-content\/uploads\/2025\/10\/moana.webp","contentUrl":"https:\/\/www.azimutcroisiere.com\/wp-content\/uploads\/2025\/10\/moana.webp","width":510,"height":506},{"@type":"BreadcrumbList","@id":"https:\/\/www.azimutcroisiere.com\/en\/moana\/#breadcrumb","itemListElement":[{"@type":"ListItem","position":1,"name":"Accueil","item":"https:\/\/www.azimutcroisiere.com\/en\/"},{"@type":"ListItem","position":2,"name":"Moana"}]},{"@type":"WebSite","@id":"https:\/\/www.azimutcroisiere.com\/en\/#website","url":"https:\/\/www.azimutcroisiere.com\/en\/","name":"AZIMUT Croisi\u00e8re \u00e0 la journ\u00e9e en Guadeloupe en catamaran \u00e0 voile","description":"","publisher":{"@id":"https:\/\/www.azimutcroisiere.com\/en\/#organization"},"potentialAction":[{"@type":"SearchAction","target":{"@type":"EntryPoint","urlTemplate":"https:\/\/www.azimutcroisiere.com\/en\/?s={search_term_string}"},"query-input":{"@type":"PropertyValueSpecification","valueRequired":true,"valueName":"search_term_string"}}],"inLanguage":"en-US"},{"@type":"Organization","@id":"https:\/\/www.azimutcroisiere.com\/en\/#organization","name":"AZIMUT Croisi\u00e8re \u00e0 la journ\u00e9e en Guadeloupe en catamaran \u00e0 voile","url":"https:\/\/www.azimutcroisiere.com\/en\/","logo":{"@type":"ImageObject","inLanguage":"en-US","@id":"https:\/\/www.azimutcroisiere.com\/en\/#\/schema\/logo\/image\/","url":"https:\/\/www.azimutcroisiere.com\/wp-content\/uploads\/2025\/10\/logo-azimut-croisiere.webp","contentUrl":"https:\/\/www.azimutcroisiere.com\/wp-content\/uploads\/2025\/10\/logo-azimut-croisiere.webp","width":125,"height":92,"caption":"AZIMUT Croisi\u00e8re \u00e0 la journ\u00e9e en Guadeloupe en catamaran \u00e0 voile"},"image":{"@id":"https:\/\/www.azimutcroisiere.com\/en\/#\/schema\/logo\/image\/"},"sameAs":["https:\/\/www.facebook.com\/profile.php?id=100064558514987"]}]}},"_links":{"self":[{"href":"https:\/\/www.azimutcroisiere.com\/en\/wp-json\/wp\/v2\/pages\/22804","targetHints":{"allow":["GET"]}}],"collection":[{"href":"https:\/\/www.azimutcroisiere.com\/en\/wp-json\/wp\/v2\/pages"}],"about":[{"href":"https:\/\/www.azimutcroisiere.com\/en\/wp-json\/wp\/v2\/types\/page"}],"author":[{"embeddable":true,"href":"https:\/\/www.azimutcroisiere.com\/en\/wp-json\/wp\/v2\/users\/1"}],"replies":[{"embeddable":true,"href":"https:\/\/www.azimutcroisiere.com\/en\/wp-json\/wp\/v2\/comments?post=22804"}],"version-history":[{"count":1,"href":"https:\/\/www.azimutcroisiere.com\/en\/wp-json\/wp\/v2\/pages\/22804\/revisions"}],"predecessor-version":[{"id":22805,"href":"https:\/\/www.azimutcroisiere.com\/en\/wp-json\/wp\/v2\/pages\/22804\/revisions\/22805"}],"wp:featuredmedia":[{"embeddable":true,"href":"https:\/\/www.azimutcroisiere.com\/en\/wp-json\/wp\/v2\/media\/22615"}],"wp:attachment":[{"href":"https:\/\/www.azimutcroisiere.com\/en\/wp-json\/wp\/v2\/media?parent=22804"}],"curies":[{"name":"wp","href":"https:\/\/api.w.org\/{rel}","templated":true}]}}